{"id":320,"date":"2016-01-01T15:13:00","date_gmt":"2016-01-01T15:13:00","guid":{"rendered":"https:\/\/www.oltreplinio.it\/it\/bibliografia\/"},"modified":"2021-11-19T08:00:28","modified_gmt":"2021-11-19T08:00:28","slug":"bibliografia","status":"publish","type":"page","link":"https:\/\/www.oltreplinio.it\/it\/bibliografia\/","title":{"rendered":"Bibliografia"},"content":{"rendered":"<p>[et_pb_section bb_built=&#8221;1&#8243; fullwidth=&#8221;on&#8221; specialty=&#8221;off&#8221; transparent_background=&#8221;off&#8221; background_color=&#8221;#172c4d&#8221; allow_player_pause=&#8221;off&#8221; inner_shadow=&#8221;off&#8221; parallax=&#8221;off&#8221; parallax_method=&#8221;off&#8221; padding_mobile=&#8221;off&#8221; make_fullwidth=&#8221;off&#8221; use_custom_width=&#8221;off&#8221; width_unit=&#8221;on&#8221; make_equal=&#8221;off&#8221; use_custom_gutter=&#8221;off&#8221; gutter_width=&#8221;3&#8243;][et_pb_fullwidth_header title=&#8221;Bibliografia&#8221; background_layout=&#8221;dark&#8221; text_orientation=&#8221;left&#8221; header_fullscreen=&#8221;off&#8221; header_scroll_down=&#8221;off&#8221; content_orientation=&#8221;center&#8221; image_orientation=&#8221;center&#8221; title_font=&#8221;|on||on|&#8221; title_font_size=&#8221;36&#8243; custom_button_one=&#8221;off&#8221; button_one_letter_spacing=&#8221;0&#8243; button_one_icon_placement=&#8221;right&#8221; button_one_letter_spacing_hover=&#8221;0&#8243; custom_button_two=&#8221;off&#8221; button_two_letter_spacing=&#8221;0&#8243; button_two_icon_placement=&#8221;right&#8221; button_two_letter_spacing_hover=&#8221;0&#8243; logo_image_url=&#8221;https:\/\/www.oltreplinio.it\/app\/uploads\/2015\/12\/bibliografia.png&#8221; logo_alt_text=&#8221;lessico tecnico&#8221; _builder_version=&#8221;3.0.64&#8243; \/][\/et_pb_section][et_pb_section bb_built=&#8221;1&#8243; admin_label=&#8221;section&#8221;][et_pb_row][et_pb_column type=&#8221;4_4&#8243;][et_pb_text _builder_version=&#8221;3.0.64&#8243; background_layout=&#8221;light&#8221; text_orientation=&#8221;left&#8221; border_style=&#8221;solid&#8221;]<\/p>\n<h1 style=\"text-align: center;\"><strong>Benvenuti nella <em>PLINIOGRAFIA,<\/em> <\/strong><\/h1>\n<h2 style=\"text-align: center;\"><strong>il database bibliografico del progetto\u00a0<em>OltrePlinio<\/em>!<\/strong><\/h2>\n<p>[\/et_pb_text][\/et_pb_column][\/et_pb_row][et_pb_row admin_label=&#8221;row&#8221; background_position=&#8221;top_left&#8221; background_repeat=&#8221;repeat&#8221; background_size=&#8221;initial&#8221;][et_pb_column type=&#8221;1_3&#8243;][et_pb_image src=&#8221;https:\/\/www.oltreplinio.it\/app\/uploads\/2016\/01\/bibliografia.jpg&#8221; alt=&#8221;Plinio e l&#8217;opera&#8221; show_in_lightbox=&#8221;on&#8221; url_new_window=&#8221;off&#8221; animation=&#8221;right&#8221; sticky=&#8221;off&#8221; align=&#8221;left&#8221; force_fullwidth=&#8221;off&#8221; always_center_on_mobile=&#8221;on&#8221; border_style=&#8221;solid&#8221; background_position=&#8221;top_left&#8221; background_repeat=&#8221;repeat&#8221; background_size=&#8221;initial&#8221; _builder_version=&#8221;3.0.64&#8243; use_overlay=&#8221;off&#8221; \/][et_pb_text admin_label=&#8221;Caption&#8221; _builder_version=&#8221;3.0.64&#8243; background_layout=&#8221;light&#8221; text_orientation=&#8221;left&#8221; border_style=&#8221;solid&#8221; custom_css_main_element=&#8221;margin-top: -24px;&#8221;]<\/p>\n<p style=\"text-align: center;\">Indice della<em> Naturalis Historia.<br \/>\n<\/em>Lugduni, ex officina Godefridi et Marcelli Beringorum fratum, 1548.<\/p>\n<p>[\/et_pb_text][\/et_pb_column][et_pb_column type=&#8221;2_3&#8243;][et_pb_text background_layout=&#8221;light&#8221; text_orientation=&#8221;left&#8221; border_style=&#8221;solid&#8221; background_position=&#8221;top_left&#8221; background_repeat=&#8221;repeat&#8221; background_size=&#8221;initial&#8221; _builder_version=&#8221;3.0.64&#8243;]<\/p>\n<h3>Questo strumento mira a offrire una raccolta bibliografica completa e aggiornata della letteratura scientifica su Plinio il Vecchio e la sua opera nei diversi ambiti disciplinari. Non si tratta, tuttavia, di una mera lista di titoli, ma di uno strumento flessibile per esplorare lo sterminato mondo di Plinio e per condurre ricerche efficaci in quello che \u00e8 un vero e proprio <em>mare magnum<\/em>.<\/h3>\n<h5><\/h5>\n<h5>Ogni scheda contiene non solo i principali dati bibliografici (autore, titolo, ecc.), ma anche una breve descrizione del contenuto e, dove possibile, il link alla versione online e una lista delle recensioni (con eventuale link, se online). Inoltre, i tag individuano le parole chiave di ciascuna scheda. Sebbene contengano le informazioni bibliografiche standard, le schede hanno un layout diverso rispetto ai cataloghi delle biblioteche o alle bibliografie cartacee ed espressamente disegnato per il web. Questo aspetto visivo intende sottolineare la novit\u00e0 dello strumento a la sua funzione, che non \u00e8 quella di sostituire altri strumenti di ricerca, ma piuttosto di offrire differenti potenzialit\u00e0 e possibilit\u00e0 di uso.<\/h5>\n<h5>Il campo<strong> <em>Sections<\/em><\/strong> indica se il contributo si concentra su Plinio e la\u00a0<em>Naturalis Historia<\/em> (etichetta\u00a0<em>Pliny<\/em>), o se \u00e8 un&#8217;edizione del testo (etichetta\u00a0<em>Editions<\/em>), oppure se tratta un argomento pi\u00f9 ampio, all&#8217;interno del quale Plinio viene citato come fonte (etichetta\u00a0<em>Beyond Pliny<\/em>). Anche i contributi sulla fortuna di Plinio in epoca post-antica sono classificati come\u00a0<em>Beyond Pliny<\/em>. In questo modo il campo\u00a0<em>Sections<\/em> intende aiutare a muoversi attraverso la vasta bibliografia pliniana, offrendo un&#8217;indicazione su quanto ampiamente Plinio sia discusso in ciascun contributo. Infatti, dal momento che la <em>Naturalis Historia<\/em> tratta molti temi diversi (geografia, storia, botanica, medicina, arte, metalli ecc.), Plinio viene spesso citato e studiato in contributi che non sono specificatamente dedicati alla sua opera.<\/h5>\n<p>[\/et_pb_text][\/et_pb_column][\/et_pb_row][et_pb_row background_position=&#8221;top_left&#8221; background_repeat=&#8221;repeat&#8221; background_size=&#8221;initial&#8221;][et_pb_column type=&#8221;4_4&#8243;][et_pb_text _builder_version=&#8221;3.0.64&#8243; background_layout=&#8221;light&#8221; text_orientation=&#8221;left&#8221; border_style=&#8221;solid&#8221;]<\/p>\n<h5>La ricchezza di dati che caratterizza le schede permette di navigare nell&#8217;intero database, seguendo diverse direzioni di ricerca. Con la funzione\u00a0<em><strong>Search Bibliography <\/strong><\/em>\u00e8 possibile recuperare le schede bibliografiche contenenti, in qualsiasi loro parte, le parole digitate, grazie al fatto che la ricerca viene effettuata attraverso tutti i campi presenti nelle schede stesse. I <strong>filtri<\/strong> sulla sinistra, invece, suggeriscono criteri di ricerca selezionati dal team <em>OltrePlinio<\/em> (<em>authors<\/em>, <em>editors<\/em>, <em>tags<\/em>, <em>sections<\/em>, <em>language<\/em>) oppure permettono di raffinare la ricerca libera effettuata con <em>Search Bibliography, <\/em>sempre sulla base degli stessi criteri.<\/h5>\n<h5>Per effettuare una ricerca si tenga presente che la lingua del database \u00e8 il British English, ma che i titoli dei contributi sono nella loro lingua originale. Tag: per i nomi e le opere degli autori greci si veda la <strong><a href=\"http:\/\/stephanus.tlg.uci.edu\/lsj\/01-authors_and_works.html\">lista del LSJ<\/a><\/strong>; gli autori latini vengono indicati con i\u00a0<em>tria nomina<\/em>, si veda la\u00a0<strong><a href=\"https:\/\/www.thesaurus.badw.de\/tll-digital\/index.html\">lista del TLL<\/a>\u00a0<\/strong>(anche per le opere); i\u00a0<em>tria nomina<\/em>\u00a0sono usati, se possibile, anche per i nomi propri romani; per i nomi propri greci, anche degli artisti, si adotta la forma traslitterata dal greco (es. Pheidias, non Phidias); i termini tecnici sono in latino o in greco traslitterato; se possibile, per le opere d&#8217;arte si usa il nome latino pliniano. Per cercare contributi su uno specifico passo della\u00a0<em>Naturalis Historia<\/em>, usare la forma \u201cPlin. NH libro.paragrafo\/i\u201d (es. Plin. NH 35.15-16).<\/h5>\n<h5>Le schede sono compilate da uno o pi\u00f9 autori, responsabili del loro contenuto. Prima della pubblicazione sono corrette ed editate dal comitato redazionale del database e dagli autori stessi con un doppio giro di bozze. Vi invitiamo a contattarci all&#8217;indirizzo\u00a0<strong><a href=\"mailto:info@oltreplinio.it\" target=\"_blank\" rel=\"noopener\">info@<wbr \/>oltreplinio.it<\/a><\/strong>\u00a0per qualsiasi segnalazione sulla bibliografia e sul contenuto delle schede.<\/h5>\n<p>&nbsp;<\/p>\n<h1><strong>Per iniziare una ricerca, clicca <a href=\"http:\/\/fe.oltreplinio.it\/search\">qui<\/a>.<\/strong><strong>\u00a0<\/strong><\/h1>\n<p>[\/et_pb_text][et_pb_divider color=&#8221;#e3e3e3&#8243; show_divider=&#8221;on&#8221; divider_style=&#8221;solid&#8221; divider_position=&#8221;top&#8221; divider_weight=&#8221;1&#8243; hide_on_mobile=&#8221;on&#8221; \/][\/et_pb_column][\/et_pb_row][et_pb_row][et_pb_column type=&#8221;1_3&#8243;][et_pb_image admin_label=&#8221;Image_Selected_Bibliography&#8221; src=&#8221;https:\/\/www.oltreplinio.it\/app\/uploads\/2015\/12\/convegno.jpg&#8221; animation=&#8221;off&#8221; show_in_lightbox=&#8221;off&#8221; url_new_window=&#8221;off&#8221; sticky=&#8221;off&#8221; align=&#8221;left&#8221; force_fullwidth=&#8221;off&#8221; always_center_on_mobile=&#8221;on&#8221; border_style=&#8221;solid&#8221; use_overlay=&#8221;off&#8221; _builder_version=&#8221;3.0.64&#8243; \/][\/et_pb_column][et_pb_column type=&#8221;2_3&#8243;][et_pb_text _builder_version=&#8221;3.0.64&#8243; background_layout=&#8221;light&#8221; text_orientation=&#8221;left&#8221; border_style=&#8221;solid&#8221;]<\/p>\n<h4>La sezione\u00a0<a href=\"http:\/\/fe.oltreplinio.it\/list\/selected-bibliography\"><strong>Selected Bibliography<\/strong><\/a>\u00a0permette, invece, di esplorare un numero ristretto di contributi bibliografici scelti dal team\u00a0<em>OltrePlinio<\/em>. La selezione include i principali studi dedicati alla\u00a0<em>Naturalis Historia<\/em>\u00a0e, in particolare, ai libri d&#8217;arte (33-37). Pu\u00f2, dunque, risultare utile a chi non abbia familiarit\u00e0 con la bibliografia pliniana e trovi difficile muoversi tra l&#8217;immensa quantit\u00e0 di contributi dedicati a questo autore e alla sua attivit\u00e0 letteraria.<\/h4>\n<p>[\/et_pb_text][\/et_pb_column][\/et_pb_row][et_pb_row][et_pb_column type=&#8221;4_4&#8243;][et_pb_divider color=&#8221;#e3e3e3&#8243; show_divider=&#8221;on&#8221; divider_style=&#8221;solid&#8221; divider_position=&#8221;top&#8221; divider_weight=&#8221;1&#8243; hide_on_mobile=&#8221;on&#8221; \/][\/et_pb_column][\/et_pb_row][et_pb_row admin_label=&#8221;row&#8221; background_position=&#8221;top_left&#8221; background_repeat=&#8221;repeat&#8221; background_size=&#8221;initial&#8221;][et_pb_column type=&#8221;2_3&#8243;][et_pb_text _builder_version=&#8221;3.0.64&#8243; background_layout=&#8221;light&#8221; text_orientation=&#8221;left&#8221; border_style=&#8221;solid&#8221;]<\/p>\n<h4>Il team\u00a0<em>OltrePlinio<\/em>\u00a0lavora costantemente all&#8217;espansione di questo database: le schede compilate solo con i riferimenti bibliografici di base sono quelle che devono essere ancora assegnate. Stiamo cercando nuovi collaboratori: se sei interessato\/a a contribuire oppure hai dubbi o suggerimenti, contattaci all&#8217;indirizzo\u00a0<strong><a href=\"mailto:info@oltreplinio.it\">info@oltreplinio.it<\/a>.<\/strong><\/h4>\n<h4><\/h4>\n<p>&nbsp;<\/p>\n<h4>DOI del database: https:\/\/doi.org\/10.25429\/sns.it\/lettere\/oltreplinio0001<\/h4>\n<p>&nbsp;<\/p>\n<h5>Ideazione: Gianfranco Adornato, Eva Falaschi e Alessandro Poggio.<\/h5>\n<h5>A cura di Eva Falaschi e Alessandro Poggio, con la collaborazione di Tommaso Brusasca, Sofia Casini, Francesca D&#8217;Andrea, Alessia Di Santi, Maria Ida Gulletta.<\/h5>\n<p>[\/et_pb_text][\/et_pb_column][et_pb_column type=&#8221;1_3&#8243;][et_pb_image admin_label=&#8221;image_PlinyEditions&#8221; src=&#8221;https:\/\/www.oltreplinio.it\/app\/uploads\/2016\/01\/Galleria-Immagini.jpg&#8221; animation=&#8221;off&#8221; show_in_lightbox=&#8221;off&#8221; url_new_window=&#8221;off&#8221; sticky=&#8221;off&#8221; align=&#8221;left&#8221; force_fullwidth=&#8221;off&#8221; always_center_on_mobile=&#8221;on&#8221; border_style=&#8221;solid&#8221; alt=&#8221;Alessandro Poggio&#8221; _builder_version=&#8221;3.0.64&#8243; use_overlay=&#8221;off&#8221; \/][\/et_pb_column][\/et_pb_row][\/et_pb_section]<\/p>\n","protected":false},"excerpt":{"rendered":"<p><div class=\"et_pb_row et_pb_row_0 et_pb_row_empty\">\n\t\t\t\t\n\t\t\t\t\n\t\t\t\t\n\t\t\t\t\n\t\t\t\t\n\t\t\t<\/div> Benvenuti nella PLINIOGRAFIA, il database bibliografico del progetto\u00a0OltrePlinio! Indice della Naturalis Historia. Lugduni, ex officina Godefridi et Marcelli Beringorum fratum, 1548. Questo strumento mira a offrire una raccolta bibliografica completa e aggiornata della letteratura scientifica su Plinio il Vecchio e la sua opera nei diversi ambiti disciplinari. Non si tratta, tuttavia, di una mera [&hellip;]<\/p>\n","protected":false},"author":3,"featured_media":192,"parent":0,"menu_order":0,"comment_status":"closed","ping_status":"closed","template":"","meta":{"_et_pb_use_builder":"on","_et_pb_old_content":"<h2>Questa sezione \u00e8 dedicata a Plinio il Vecchio e alla sua opera nel contesto storico, politico, sociale, letterario e culturale del I secolo d.C.<\/h2><p>Saranno considerate le finalit\u00e0, la struttura, la redazione della Naturalis Historia, in particolare la specificit\u00e0 dei libri d\u2019arte e il loro rapporto con l\u2019opera nel suo complesso.<\/p>","_et_gb_content_width":""},"yoast_head":"<!-- This site is optimized with the Yoast SEO plugin v20.13 - https:\/\/yoast.com\/wordpress\/plugins\/seo\/ -->\n<title>Bibliografia - Oltre Plinio<\/title>\n<meta name=\"robots\" content=\"index, follow, max-snippet:-1, max-image-preview:large, max-video-preview:-1\" \/>\n<link rel=\"canonical\" href=\"http:\/\/www.oltreplinio.it\/bibliography\/\" \/>\n<meta property=\"og:locale\" content=\"it_IT\" \/>\n<meta property=\"og:type\" content=\"article\" \/>\n<meta property=\"og:title\" content=\"Bibliografia - Oltre Plinio\" \/>\n<meta property=\"og:description\" content=\"Benvenuti nella PLINIOGRAFIA, il database bibliografico del progetto\u00a0OltrePlinio! Indice della Naturalis Historia. Lugduni, ex officina Godefridi et Marcelli Beringorum fratum, 1548. Questo strumento mira a offrire una raccolta bibliografica completa e aggiornata della letteratura scientifica su Plinio il Vecchio e la sua opera nei diversi ambiti disciplinari. Non si tratta, tuttavia, di una mera [&hellip;]\" \/>\n<meta property=\"og:url\" content=\"http:\/\/www.oltreplinio.it\/bibliography\/\" \/>\n<meta property=\"og:site_name\" content=\"Oltre Plinio\" \/>\n<meta property=\"article:modified_time\" content=\"2021-11-19T08:00:28+00:00\" \/>\n<meta property=\"og:image\" content=\"http:\/\/www.oltreplinio.it\/app\/uploads\/2015\/12\/logo-contracted.png\" \/>\n\t<meta property=\"og:image:width\" content=\"201\" \/>\n\t<meta property=\"og:image:height\" content=\"201\" \/>\n\t<meta property=\"og:image:type\" content=\"image\/png\" \/>\n<meta name=\"twitter:card\" content=\"summary_large_image\" \/>\n<meta name=\"twitter:label1\" content=\"Est. reading time\" \/>\n\t<meta name=\"twitter:data1\" content=\"7 minutes\" \/>\n<script type=\"application\/ld+json\" class=\"yoast-schema-graph\">{\"@context\":\"https:\/\/schema.org\",\"@graph\":[{\"@type\":\"WebPage\",\"@id\":\"http:\/\/www.oltreplinio.it\/bibliography\/\",\"url\":\"http:\/\/www.oltreplinio.it\/bibliography\/\",\"name\":\"Bibliografia - Oltre Plinio\",\"isPartOf\":{\"@id\":\"http:\/\/www.oltreplinio.it\/#website\"},\"datePublished\":\"2016-01-01T15:13:00+00:00\",\"dateModified\":\"2021-11-19T08:00:28+00:00\",\"breadcrumb\":{\"@id\":\"http:\/\/www.oltreplinio.it\/bibliography\/#breadcrumb\"},\"inLanguage\":\"it-IT\",\"potentialAction\":[{\"@type\":\"ReadAction\",\"target\":[\"http:\/\/www.oltreplinio.it\/bibliography\/\"]}]},{\"@type\":\"BreadcrumbList\",\"@id\":\"http:\/\/www.oltreplinio.it\/bibliography\/#breadcrumb\",\"itemListElement\":[{\"@type\":\"ListItem\",\"position\":1,\"name\":\"Home\",\"item\":\"https:\/\/www.oltreplinio.it\/it\/\"},{\"@type\":\"ListItem\",\"position\":2,\"name\":\"Bibliografia\"}]},{\"@type\":\"WebSite\",\"@id\":\"http:\/\/www.oltreplinio.it\/#website\",\"url\":\"http:\/\/www.oltreplinio.it\/\",\"name\":\"Oltre Plinio\",\"description\":\"\",\"publisher\":{\"@id\":\"http:\/\/www.oltreplinio.it\/#organization\"},\"potentialAction\":[{\"@type\":\"SearchAction\",\"target\":{\"@type\":\"EntryPoint\",\"urlTemplate\":\"http:\/\/www.oltreplinio.it\/?s={search_term_string}\"},\"query-input\":\"required name=search_term_string\"}],\"inLanguage\":\"it-IT\"},{\"@type\":\"Organization\",\"@id\":\"http:\/\/www.oltreplinio.it\/#organization\",\"name\":\"oltreplinio\",\"url\":\"http:\/\/www.oltreplinio.it\/\",\"logo\":{\"@type\":\"ImageObject\",\"inLanguage\":\"it-IT\",\"@id\":\"http:\/\/www.oltreplinio.it\/#\/schema\/logo\/image\/\",\"url\":\"https:\/\/www.oltreplinio.it\/app\/uploads\/2015\/12\/logo-contracted.png\",\"contentUrl\":\"https:\/\/www.oltreplinio.it\/app\/uploads\/2015\/12\/logo-contracted.png\",\"width\":201,\"height\":201,\"caption\":\"oltreplinio\"},\"image\":{\"@id\":\"http:\/\/www.oltreplinio.it\/#\/schema\/logo\/image\/\"}}]}<\/script>\n<!-- \/ Yoast SEO plugin. -->","yoast_head_json":{"title":"Bibliografia - Oltre Plinio","robots":{"index":"index","follow":"follow","max-snippet":"max-snippet:-1","max-image-preview":"max-image-preview:large","max-video-preview":"max-video-preview:-1"},"canonical":"http:\/\/www.oltreplinio.it\/bibliography\/","og_locale":"it_IT","og_type":"article","og_title":"Bibliografia - Oltre Plinio","og_description":"Benvenuti nella PLINIOGRAFIA, il database bibliografico del progetto\u00a0OltrePlinio! Indice della Naturalis Historia. Lugduni, ex officina Godefridi et Marcelli Beringorum fratum, 1548. Questo strumento mira a offrire una raccolta bibliografica completa e aggiornata della letteratura scientifica su Plinio il Vecchio e la sua opera nei diversi ambiti disciplinari. Non si tratta, tuttavia, di una mera [&hellip;]","og_url":"http:\/\/www.oltreplinio.it\/bibliography\/","og_site_name":"Oltre Plinio","article_modified_time":"2021-11-19T08:00:28+00:00","og_image":[{"width":201,"height":201,"url":"http:\/\/www.oltreplinio.it\/app\/uploads\/2015\/12\/logo-contracted.png","type":"image\/png"}],"twitter_card":"summary_large_image","twitter_misc":{"Est. reading time":"7 minutes"},"schema":{"@context":"https:\/\/schema.org","@graph":[{"@type":"WebPage","@id":"http:\/\/www.oltreplinio.it\/bibliography\/","url":"http:\/\/www.oltreplinio.it\/bibliography\/","name":"Bibliografia - Oltre Plinio","isPartOf":{"@id":"http:\/\/www.oltreplinio.it\/#website"},"datePublished":"2016-01-01T15:13:00+00:00","dateModified":"2021-11-19T08:00:28+00:00","breadcrumb":{"@id":"http:\/\/www.oltreplinio.it\/bibliography\/#breadcrumb"},"inLanguage":"it-IT","potentialAction":[{"@type":"ReadAction","target":["http:\/\/www.oltreplinio.it\/bibliography\/"]}]},{"@type":"BreadcrumbList","@id":"http:\/\/www.oltreplinio.it\/bibliography\/#breadcrumb","itemListElement":[{"@type":"ListItem","position":1,"name":"Home","item":"https:\/\/www.oltreplinio.it\/it\/"},{"@type":"ListItem","position":2,"name":"Bibliografia"}]},{"@type":"WebSite","@id":"http:\/\/www.oltreplinio.it\/#website","url":"http:\/\/www.oltreplinio.it\/","name":"Oltre Plinio","description":"","publisher":{"@id":"http:\/\/www.oltreplinio.it\/#organization"},"potentialAction":[{"@type":"SearchAction","target":{"@type":"EntryPoint","urlTemplate":"http:\/\/www.oltreplinio.it\/?s={search_term_string}"},"query-input":"required name=search_term_string"}],"inLanguage":"it-IT"},{"@type":"Organization","@id":"http:\/\/www.oltreplinio.it\/#organization","name":"oltreplinio","url":"http:\/\/www.oltreplinio.it\/","logo":{"@type":"ImageObject","inLanguage":"it-IT","@id":"http:\/\/www.oltreplinio.it\/#\/schema\/logo\/image\/","url":"https:\/\/www.oltreplinio.it\/app\/uploads\/2015\/12\/logo-contracted.png","contentUrl":"https:\/\/www.oltreplinio.it\/app\/uploads\/2015\/12\/logo-contracted.png","width":201,"height":201,"caption":"oltreplinio"},"image":{"@id":"http:\/\/www.oltreplinio.it\/#\/schema\/logo\/image\/"}}]}},"_links":{"self":[{"href":"https:\/\/www.oltreplinio.it\/it\/wp-json\/wp\/v2\/pages\/320"}],"collection":[{"href":"https:\/\/www.oltreplinio.it\/it\/wp-json\/wp\/v2\/pages"}],"about":[{"href":"https:\/\/www.oltreplinio.it\/it\/wp-json\/wp\/v2\/types\/page"}],"author":[{"embeddable":true,"href":"https:\/\/www.oltreplinio.it\/it\/wp-json\/wp\/v2\/users\/3"}],"replies":[{"embeddable":true,"href":"https:\/\/www.oltreplinio.it\/it\/wp-json\/wp\/v2\/comments?post=320"}],"version-history":[{"count":35,"href":"https:\/\/www.oltreplinio.it\/it\/wp-json\/wp\/v2\/pages\/320\/revisions"}],"predecessor-version":[{"id":5708,"href":"https:\/\/www.oltreplinio.it\/it\/wp-json\/wp\/v2\/pages\/320\/revisions\/5708"}],"wp:featuredmedia":[{"embeddable":true,"href":"https:\/\/www.oltreplinio.it\/it\/wp-json\/wp\/v2\/media\/192"}],"wp:attachment":[{"href":"https:\/\/www.oltreplinio.it\/it\/wp-json\/wp\/v2\/media?parent=320"}],"curies":[{"name":"wp","href":"https:\/\/api.w.org\/{rel}","templated":true}]}}