{"id":422,"date":"2016-01-04T09:12:00","date_gmt":"2016-01-04T09:12:00","guid":{"rendered":"https:\/\/www.oltreplinio.it\/it\/gianfranco-adornato\/"},"modified":"2025-02-05T14:01:10","modified_gmt":"2025-02-05T14:01:10","slug":"gianfranco-adornato","status":"publish","type":"page","link":"https:\/\/www.oltreplinio.it\/it\/gianfranco-adornato\/","title":{"rendered":"Gianfranco Adornato"},"content":{"rendered":"<p>[et_pb_section fb_built=&#8221;1&#8243; admin_label=&#8221;section&#8221; _builder_version=&#8221;4.16&#8243; global_colors_info=&#8221;{}&#8221;][et_pb_row column_structure=&#8221;3_4,1_4&#8243; admin_label=&#8221;row&#8221; _builder_version=&#8221;4.16&#8243; background_size=&#8221;initial&#8221; background_position=&#8221;top_left&#8221; background_repeat=&#8221;repeat&#8221; global_colors_info=&#8221;{}&#8221;][et_pb_column type=&#8221;3_4&#8243; _builder_version=&#8221;4.16&#8243; custom_padding=&#8221;|||&#8221; global_colors_info=&#8221;{}&#8221; custom_padding__hover=&#8221;|||&#8221;][et_pb_team_member name=&#8221;Gianfranco Adornato&#8221; position=&#8221;Direttore Scientifico&#8221; image_url=&#8221;https:\/\/www.oltreplinio.it\/app\/uploads\/2015\/12\/adornato.jpg&#8221; _builder_version=&#8221;4.16&#8243; background_size=&#8221;initial&#8221; background_position=&#8221;top_left&#8221; background_repeat=&#8221;repeat&#8221; border_style=&#8221;solid&#8221; global_colors_info=&#8221;{}&#8221;]Laureato all\u2019Universit\u00e0 di Pisa in Lettere Classiche, Gianfranco Adornato ha frequentato il corso di perfezionamento presso la Scuola Normale Superiore in discipline storico-artistiche, sotto la guida di Salvatore Settis e Paul Zanker.<\/p>\n<p>Oltre all\u2019attivit\u00e0 di catalogazione di materiali archeologici presso i principali Musei italiani ed europei, ha partecipato a scavi e a campagne di ricognizione in Italia e all\u2019estero. Ha svolto ricerche presso la Scuola Archeologica Italiana di Atene (2001), l\u2019Universit\u00e9 Marc Bloch di Strasburgo (2003-04), l\u2019\u00c9cole Fran\u00e7aise d\u2019Ath\u00e8nes e il Deutsches Arch\u00e4ologische Institut-Athen (2010); \u00e8 stato <i>Visiting Scholar<\/i> presso la Columbia University, New York (2002-2003) e <i>Fellow<\/i> presso il Getty Research Institute, Los Angeles (2012). Ha insegnato Archeologia e Storia dell\u2019Arte Greca e Roman all\u2019Universit\u00e0 di Pisa e alla SSIS Toscana (sede Siena). Ha tenuto lezioni e conferenze in Italia, in Europa (Berlino, Dublino, Leiden, Londra, Oxford, Budapest, Paros), negli Stati Uniti (Los Angeles, New Orleans, Seattle, Boston) e in Giappone (Tsukuba).<\/p>\n<p>Promotore, coordinatore scientifico e organizzatore delle seguenti giornate di studio in Italia e all\u2019estero: Scolpire il marmo. Importazioni, artisti itineranti, scuole artistiche nel Mediterraneo antico (Pisa, SNS, 9-11 novembre 2009); Arte-Potere. Forme artistiche, istituzioni, paradigmi interpretative (Pisa, SNS, 25-27 novembre 2010); Sul Papiro di Artemidoro: I disegni, insieme a Salvatore Settis (Firenze, Gabinetto Disegni e Stampe degli Uffizi, 2 febbraio 2011); Artistic Practice in the Ancient World: Sketches, Models, and Pattern Books, con Kenneth Lapatin (Getty Villa, Malibu, 4 maggio 2012); <i>Out of Scale! Aesthetic, Technical, and Art Historical Perspective on Ancient Bronze Statuary<\/i>, con Kenneth Lapatin (Firenze, SNS, Palazzo Strozzi, 21 marzo 2015); <i>Pliny\u2019s History of Ancient Art: Towards a Contextual perspective<\/i>, con Kenneth Lapatin (San Francisco, 117<sup>th<\/sup> AIA Annual Meeting, 6-9 gennaio 2016). Attualmente \u00e8 coordinatore nazionale (Principal Investigator) del progetto PRIN 2012 \u201cOltre Plinio. Ricezione e trasmissione di teorie sull\u2019arte, canoni d\u2019artisti e lessico tecnico-artistico, tra tardo classicismo ed et\u00e0 imperiale. Un approccio multidisciplinare alla <i>Naturalis Historia<\/i> (Libri XXXIII-XXXVI)\u201d.<br \/>\n[\/et_pb_team_member][et_pb_toggle title=&#8221;Pubblicazioni \/ Publications&#8221; _builder_version=&#8221;4.16&#8243; background_size=&#8221;initial&#8221; background_position=&#8221;top_left&#8221; background_repeat=&#8221;repeat&#8221; border_style=&#8221;solid&#8221; global_colors_info=&#8221;{}&#8221;]<\/p>\n<ul>\n<li class=\"li2\"><span class=\"s1\"><i>Lysippus without the Kairos. A Greek Masterpiece between Art and Literature<\/i>, Jahrbuch des Deutschen Arch\u00e4ologischen Instituts 2015, 130, 159-182;<\/span><\/li>\n<li class=\"li2\"><span class=\"s3\">\u30af\u30ea\u30c6\u30a3\u30aa\u30b9\u3068\u30cd\u30b7\u30aa\u30c6\u30b9\u3000\u300c\u9769\u547d\u7684\u306a\u300d\u82b8\u8853\u5bb6\uff1f\u3000\u524d5\u4e16\u7d00\u30a2\u30c6\u30ca\u30a4\u3001\u30a2\u30af\u30ed\u30dd\u30ea\u30b9\u306b\u304a\u3051\u308b\u5949\u7d0d\u5f6b\u50cf<\/span><span class=\"s1\"> (<i>Kritios and Nesiotes: \u201crevolutionary\u201d artists? Fifth-century monuments and styles on the Athenian Acropolis<\/i>), in T. Osada (ed.), <i>Iconography of Prayer in Ancient Greek and Roman Art: Essay of Sociological Approach<\/i>, Tsukuba 2015, 70-93;<\/span><\/li>\n<li class=\"li2\"><span class=\"s1\"><i>Aletheia\/veritas: the new Canon<\/i>, in J. Daenher and K. Lapatin (eds.), <i>Power and Pathos. Bronze Sculpture of the Hellenistic World<\/i>,<i> <\/i>Los Angeles 2015, 49-59 [<i>Aletheia<\/i>\/<i>veritas<\/i>: <i>il nuovo Canone<\/i>, in J. Daehner and K. Lapatin (a cura di), <i>Potere e Pathos. Bronzi del mondo ellenistico<\/i>, Firenze 2015, 49-59];<\/span><\/li>\n<li class=\"li2\"><span class=\"s1\"><i>Review<\/i>, L. Poli Palladini, <i>Aeschulys at Gela: an integrated approach<\/i>, Alessandria 2013 [http:\/\/bmcr.brynmawr.edu\/2014\/2014-10-31.html];<\/span><\/li>\n<li class=\"li2\"><span class=\"s1\"><i>Rivalry, Competition, and Promotion: Cities and Citizens of Sicily in the Sanctuaries of Greece<\/i>, in C. Lyons et al. (eds.), <i>Sicily: Art and Invention between Greece and Rome<\/i>, Los Angeles 2013, 82-97;<\/span><\/li>\n<li class=\"li2\"><span class=\"s1\"><i>Drawings after Ancient Statuary and Workshop Practice: Detecting Skopaic Influence<\/i>, in D. Katsonopoulou &#8211; A. Stewart (eds.), <i>Skopas of Paros and His World. <\/i>Third International Conference on the Archaeology of Paros and the Cyclades (Paroikia, Paros, June 2010), Athens 2013, 533-552;<\/span><\/li>\n<li class=\"li2\"><span class=\"s1\"><i>Gli acroliti di Morgantina<\/i>, in <i>Capolavori dell\u2019Archeologia. Recuperi, Ritrovamenti, Confronti<\/i>, Roma 2013, 179-183;<\/span><\/li>\n<li class=\"li2\"><span class=\"s1\"><i>Phalaris: literary myth or historical reality? Reassessing Archaic Akragas<\/i>, American Journal of Archaeology 116, 2012, 483-506;<i> <\/i><\/span><\/li>\n<li class=\"li2\"><span class=\"s1\"><i>Skopas alla corte macedone? Motivi stilistici skopadei tra Grecia e Macedonia<\/i>, in M. Castiglione &#8211; A. Poggio (a cura di), <i>Arte-Potere. Forme artistiche, istituzioni, paradigmi interpretative<\/i>, Atti del convegno internazionale di studi tenuto alla Scuola Normale Superiore, Pisa, Milano, 2012, 259-72;<\/span><\/li>\n<li class=\"li2\"><span class=\"s1\"><i>Introduzione<\/i>, in M. Castiglione &#8211; A. Poggio (a cura di), <i>Arte-Potere. Forme artistiche, istituzioni, paradigmi interpretative<\/i>, Atti del convegno internazionale di studi tenuto alla Scuola Normale Superiore, Pisa, Milano, 2012, 7-8;<\/span><\/li>\n<li class=\"li2\"><span class=\"s1\"><i>Bildhauerschulen: un approccio<\/i>, in G. Adornato (a cura di), <i>Scolpire il marmo. Importazioni, artisti itineranti, scuole artistiche nel Mediterraneo antico<\/i>. Atti del Convegno di studio (Pisa, Scuola Normale Superiore, 9-11 novembre 2009), Milano 2010, 313-341;<\/span><\/li>\n<li class=\"li2\"><span class=\"s1\"><i>Sant\u2019Arcangelo<\/i>, in <i>BTCGI<\/i> XVIII, Pisa-Roma-Napoli 2010, 260-262;<\/span><\/li>\n<li class=\"li2\"><span class=\"s1\"><i>Serra d\u2019Ajello<\/i>, in <i>BTCGI<\/i> XVIII, Pisa-Roma-Napoli 2010, 703-704;<\/span><\/li>\n<li class=\"li2\"><span class=\"s1\"><i>Goya, Bramante and the Others on the Artemidorus Papyrus?<\/i>, in K. Brodersen &#8211; J. Elsner (eds.), <i>Text and Images on the \u201cArtemidorus Papyrus\u201d<\/i>, Historia 2009, 51-55 (Historia Einzelschriften 214);<\/span><\/li>\n<li class=\"li2\"><span class=\"s1\"><i>Arte ad Agrigento tra et\u00e0 arcaica e classica: problemi di metodo<\/i>, in C. Ampolo (a cura di), <i>Immagine e immagini della Sicilia e delle altre isole del Mediterraneo antico<\/i>. Atti delle Seste Giornate Internazionali di Studi sull\u2019area elima, Pisa 2009, 269-276;<\/span><\/li>\n<li class=\"li2\"><span class=\"s1\"><i>Delphic Enigmas? The <\/i>Gelas anasson, <i>Polyzalos and the Charioteer Statue<\/i>, American Journal of Archaeology 2008, 112, 1, 29-55;<\/span><\/li>\n<li class=\"li2\"><span class=\"s1\"><i>Didascalie, disegni e zoologia sul Papiro di Artemidoro<\/i>, Archiv f\u00fcr Papyrusforschung 2008, 54, 2, 224-245;<\/span><\/li>\n<li class=\"li2\"><span class=\"s1\"><i>Sguardi letterari e giudizi d\u2019arte. Lisippo e gli artisti dell\u2019<\/i>aletheia, in F. de Angelis (a cura di), <i>Lo sguardo archeologico. I normalisti per Paul Zanker<\/i>, Pisa 2007, 3-18;<\/span><\/li>\n<li class=\"li2\"><span class=\"s4\">CARAKTHR<\/span><span class=\"s1\"><i>. Note iconografiche sugli stateri di <\/i>Kaulonia, in M.C. Parra (a cura di), <i>Kaulonia, Caulonia, Stilida (e oltre). Contributi storici, archeologici e topografici. II<\/i>, Quaderni Annali della Scuola Normale Superiore di Pisa, 17, 2004 (2007), 333-349;<\/span><\/li>\n<li class=\"li2\"><span class=\"s1\"><i>L\u2019Efebo<\/i> <i>di Agrigento. Cultura figurativa e linguaggi artistici ad Akragas in et\u00e0 tardoarcaica e protoclassica<\/i>, Prospettiva 2007, 128, 2-26;<\/span><\/li>\n<li class=\"li2\"><span class=\"s1\"><i>Animali, teste, mani, piedi. L\u2019arte del disegno e pratiche di bottega nel mondo antico<\/i>, in <i>Le tre vite del papiro di Artemidoro<\/i>, catalogo della mostra a cura di C. Gallazzi-S. Settis, Milano 2006, 110-123; <\/span><\/li>\n<li class=\"li2\"><span class=\"s1\"><i>Schede<\/i>, dal catalogo della mostra a cura di C. Gallazzi-S. Settis, <i>Le tre vite del Papiro di Artemidoro<\/i>, Milano 2006 (pescepantera, 226, cat. 55; leonessa, 227, cat. 56; gruppo con scena di lotta, 228, cat. 57; gruppo con scena di lotta, 229, cat. 58; coccodrillo, 230, cat. 59; lastra \u201cCampana\u201d con paesaggio nilotico, 231, cat. 60; piatto a vernice nera con sovraddipintura policroma, 237, cat. 64; coppa con scena di pesca e natura morta marina, 238, cat. 65; busto di Metrodoro, 240, cat. 67; testa di Zeus Ammon, 241, cat. 68; statuetta di Saturno, 244, cat. 70; statuetta di Saturno, 245, cat. 71; erma di Pericle, 246, cat. 72; erma di Milziade, 247, cat. 73; statua di Apollo, 248, cat. 74; testa di essere mostruoso, 249, cat. 75; testa di Tolomeo \u201cApione\u201d, 250, cat. 76; vetro cammeo con Dioniso e Arianna, 251, cat. 77; papiro con quadrettatura e disegni, 287, cat. 115; papiro con motivo decorativo, 294, cat. 121);<\/span><\/li>\n<li class=\"li2\"><span class=\"s1\"><i>Monumenti per una vittoria. Agrigento e Siracusa tra alleanze e rivalit\u00e0<\/i>, in <i>Guerra e pace in Sicilia e nel Mediterraneo antico (VIII-III sec. a.C.). Arte, prassi e teoria della pace e della guerra<\/i>. Atti delle Quinte Giornate Internazionale di Studi sull\u2019area elima, Pisa 2006, 447-460;<\/span><\/li>\n<li class=\"li2\"><span class=\"s1\"><i>Il tripode di Gelone a Delfi<\/i>, Rendiconti dell\u2019Accademia Nazionale dei Lincei 2005, 3, s. IX, vol. XVI, 395-420;<\/span><\/li>\n<li class=\"li2\"><span class=\"s1\"><i>Quale volto per Roma? I Fori tra archeologia e progetti urbanistici<\/i>, in G. Adornato-W. Cupperi (a cura di),<i> Geneaologie del presente? L\u2019archeologia delle mostre<\/i>, Predella 2005, IV, 16, 141-142;<\/span><\/li>\n<li class=\"li2\"><span class=\"s1\"><i>Recensione<\/i>, C.M. Stibbe, <i>The Sons of Hephaistos<\/i>, Roma 2000, Prospettiva 2004, 113-114, 187-190;<\/span><\/li>\n<li class=\"li2\"><span class=\"s1\"><i>L\u2019area sacra di S. Omobono. Per una revisione della documentazione archeologica<\/i>, M\u00e9langes de l\u2019\u00c9cole Fran\u00e7aise de Rome 2003, 115, 2, 809-835;<\/span><\/li>\n<li class=\"li2\"><span class=\"s1\"><i>I Guerrieri di Agrigento<\/i>, Prospettiva 2003, 110-111, 1-17;<\/span><\/li>\n<li class=\"li2\"><span class=\"s1\"><i>Intervento<\/i>, in <i>Problemi della <\/i>chora <i>coloniale dall\u2019Occidente al Mar Nero<\/i>. Atti del XL Convegno di Studi sulla Magna Grecia (Taranto, 29 settembre-3 ottobre 2000), Napoli 2001, 858-859;<\/span><\/li>\n<li class=\"li2\"><span class=\"s1\"><i>Roccelletta di Borgia<\/i>, in <i>BTCGI<\/i> XVI, Pisa-Roma-Napoli 2001, 314-331 (con M.C. Parra);<\/span><\/li>\n<li class=\"li2\"><span class=\"s1\"><i>S. Biagio della Venella<\/i>, in <i>BTCGI<\/i> XVII, Pisa-Roma-Napoli 2001, 263-267 (con D. Adamesteanu);<\/span><\/li>\n<li class=\"li2\"><span class=\"s1\"><i>SAS 1 SO; SAS 1 (Saggio ad O di US 003); SAS 2<\/i>, in M.C. Parra <i>et alii<\/i>, <i>Kaulonia. Santuario di Punta Stilo (1999-2001)<\/i>, Annali della Scuola Normale Superiore di Pisa, s. IV, vol. VI, 2, 2001, 515-516, 519-520, 523-524;<\/span><\/li>\n<li class=\"li2\"><span class=\"s1\"><i>Note alle tavole fuori testo dei volumi I-III<\/i>, in L. Canfora (a cura di), <i>Ateneo. I Deipnosofisti. I Dotti a banchetto<\/i>, I-IV, Roma 2001, CXVII-CXIX;<\/span><\/li>\n<li class=\"li2\"><span class=\"s1\"><i>Inserti I-XVI<\/i>, in L. Canfora (a cura di), <i>Ateneo. I Deipnosofisti. I Dotti a banchetto<\/i>, I-III, Roma 2001 (curatore dell\u2019apparato iconografico e delle didascalie);<\/span><\/li>\n<li class=\"li2\"><span class=\"s1\"><span class=\"s1\"><i>Iconografia e \u201crappresentazioni\u201d di un mito. Nota a Erodoto, II, 41, 2<\/i>, Annali della Scuola Normale Superiore di Pisa, s. IV, IV, 1, 1999, 189-198.<\/span><\/span><\/li>\n<\/ul>\n<hr \/>\n<h5 class=\"p3\"><span class=\"s1\">Monografia \/ Book<\/span><\/h5>\n<ul>\n<li class=\"li2\"><span class=\"s1\"><span class=\"s1\"><i>Akragas arcaica. Modelli culturali e linguaggi artistici di un citt\u00e0 greca d\u2019Occidente<\/i>, LED Milano 2011; ISBN 978-88-7917-468-9 [rec.: L. Urquhart, <i>AJA online<\/i> 2013, 117.4; <a href=\"http:\/\/www.ajaonline.org\/online-review-book\/1679\"><span class=\"s5\">http:\/\/www.ajaonline.org\/online-review-book\/1679<\/span><\/a>; G.F. La Torre, <i>Quaderni di Archeologia<\/i>, 2013, n.s. 3, 133-139; M. Frasca, <i>The Classical Review<\/i>, 2014, 64.1, 181-183]<\/span><\/span><\/li>\n<\/ul>\n<hr \/>\n<h5 class=\"p5\"><span class=\"s1\">Contributi in volumi \/ Essays in book<\/span><\/h5>\n<ul>\n<li class=\"li2\"><span class=\"s1\"><i>I disegni del Verso<\/i>, in <i>Il Papiro di Artemidoro (P.Artemid.)<\/i>, edito da C. Gallazzi, B. Kramer, S. Settis con la collaborazione di G. Adornato, A.C. Cassio, A. Soldati, LED Milano 2008, 314-326; 327-460;<\/span><\/li>\n<li class=\"li2\"><span class=\"s1\"><span class=\"s1\"><i>I disegni del Recto<\/i>, in <i>Il Papiro di Artemidoro (P.Artemid.)<\/i>, edito da C. Gallazzi, B. Kramer, S. Settis con la collaborazione di G. Adornato, A.C. Cassio, A. Soldati, LED Milano 2008, 463-578.<\/span><\/span><\/li>\n<\/ul>\n<hr \/>\n<h5 class=\"p5\"><span class=\"s1\">Curatele \/ Edited publications<br \/>\n<\/span><\/h5>\n<ul>\n<li class=\"li2\"><span class=\"s1\">Coordinatore redazionale del catalogo della mostra <i>Le tre vite del Papiro di Artemidoro. Voci e sguardi dall\u2019Egitto greco-romano<\/i>, a cura di C. Gallazzi e S. Settis, Milano, Electa, 2006;<\/span><\/li>\n<li class=\"li2\"><span class=\"s1\">P. Zanker-B.C. Ewald, <i>Vivere con i miti. L\u2019iconografia dei sarcofagi romani<\/i>, a cura di G. Adornato, Torino, Bollati Boringhieri, 2008;<\/span><\/li>\n<li class=\"li2\"><span class=\"s1\"><span class=\"s1\">G. Adornato (a cura di), <i>Scolpire il marmo. Importazioni, artisti itineranti, scuole artistiche nel Mediterraneo antico<\/i>, Milano, LED Edizioni, 2010 [rec.: B. Sismondo Ridgway, <i>BMCR<\/i>, <a href=\"http:\/\/bmcr.brynmawr.edu\/2011\/2011-08-46.html\"><span class=\"s5\">http:\/\/bmcr.brynmawr.edu\/2011\/2011-08-46.html<\/span><\/a>; K. Karouglou, <i>AJA online<\/i>, <a href=\"http:\/\/www.ajaonline.org\/online-review-book\/1484\"><span class=\"s5\">http:\/\/www.ajaonline.org\/online-review-book\/1484<\/span><\/a>; V. Nobs, <i>Histara<\/i>, <a href=\"http:\/\/histara.sorbonne.fr\/cr.php?cr=1457\"><span class=\"s5\">http:\/\/histara.sorbonne.fr\/cr.php?cr=1457<\/span><\/a>; L. Baena del Alcazar, <i>Baetica<\/i> 2011, 33, 463-467; M.C. Monaco, <i>ASAtene<\/i> 2011, 89, 327-366].<\/span><\/span><\/li>\n<\/ul>\n<hr \/>\n<h5 class=\"p5\"><span class=\"s1\">In corso di stampa \/ Forthcoming<\/span><\/h5>\n<ul>\n<li class=\"li2\"><span class=\"s1\"><i>The invention of the classical style in sculpture<\/i>, in O. Palagia (ed.), <i>A handbook of Greek sculpture<\/i>, De Gruyter;<\/span><\/li>\n<li class=\"li2\"><span class=\"s1\"><i>Southern Italy<\/i>, in F. De Angelis (ed.), <i>A companion to Greeks across the ancient world<\/i>, Wiley-Blackwell.<\/span><\/li>\n<\/ul>\n<p>[\/et_pb_toggle][\/et_pb_column][et_pb_column type=&#8221;1_4&#8243; _builder_version=&#8221;4.16&#8243; custom_padding=&#8221;|||&#8221; global_colors_info=&#8221;{}&#8221; custom_padding__hover=&#8221;|||&#8221;][et_pb_blurb title=&#8221;Download Cv&#8221; url=&#8221;\/app\/uploads\/2016\/01\/cv-adornato-ita.pdf&#8221; use_icon=&#8221;on&#8221; font_icon=&#8221;&#xe059;||divi||400&#8243; icon_color=&#8221;#ffffff&#8221; image_icon_background_color=&#8221;#2d4c7f&#8221; icon_placement=&#8221;left&#8221; image_icon_width=&#8221;16px&#8221; _builder_version=&#8221;4.16&#8243; background_size=&#8221;initial&#8221; background_position=&#8221;top_left&#8221; background_repeat=&#8221;repeat&#8221; image_icon_custom_padding=&#8221;8px|8px|8px|8px|false|false&#8221; border_radii_image=&#8221;on|100%|100%|100%|100%&#8221; border_style=&#8221;solid&#8221; image_max_width=&#8221;none&#8221; use_circle=&#8221;on&#8221; use_circle_border=&#8221;off&#8221; global_colors_info=&#8221;{}&#8221; image_icon_background_color__sticky_enabled=&#8221;#2d4c7f&#8221; image_icon_background_color__sticky=&#8221;#2d4c7f&#8221;]&nbsp;<\/p>\n<p><strong>Contatti:<\/strong><\/p>\n<p>Scuola Normale Superiore<\/p>\n<p>Piazza dei Cavalieri, 7<\/p>\n<p>I-56126 Pisa<\/p>\n<p><strong>Telefono:<\/strong><\/p>\n<p>+39 050 509666<\/p>\n<p><strong>e-mail:<\/strong> gianfranco.adornato@sns.it<br \/>\n[\/et_pb_blurb][\/et_pb_column][\/et_pb_row][\/et_pb_section]<\/p>\n","protected":false},"excerpt":{"rendered":"<p>Laureato all\u2019Universit\u00e0 di Pisa in Lettere Classiche, Gianfranco Adornato ha frequentato il corso di perfezionamento presso la Scuola Normale Superiore in discipline storico-artistiche, sotto la guida di Salvatore Settis e Paul Zanker. Oltre all\u2019attivit\u00e0 di catalogazione di materiali archeologici presso i principali Musei italiani ed europei, ha partecipato a scavi e a campagne di ricognizione [&hellip;]<\/p>\n","protected":false},"author":3,"featured_media":0,"parent":0,"menu_order":0,"comment_status":"closed","ping_status":"closed","template":"","meta":{"_et_pb_use_builder":"on","_et_pb_old_content":"","_et_gb_content_width":""},"yoast_head":"<!-- This site is optimized with the Yoast SEO plugin v20.13 - https:\/\/yoast.com\/wordpress\/plugins\/seo\/ -->\n<title>Gianfranco Adornato Archeologo Direttore Scientifico<\/title>\n<meta name=\"description\" content=\"Gianfranco Adornato Archeologo. Adornato \u00e8 Direttore Scientifico del progetto, con esperienza internazionale presso Musei italiani ed europei\" \/>\n<meta name=\"robots\" content=\"index, follow, max-snippet:-1, max-image-preview:large, max-video-preview:-1\" \/>\n<link rel=\"canonical\" href=\"https:\/\/www.oltreplinio.it\/it\/gianfranco-adornato\/\" \/>\n<meta property=\"og:locale\" content=\"it_IT\" \/>\n<meta property=\"og:type\" content=\"article\" \/>\n<meta property=\"og:title\" content=\"Gianfranco Adornato Archeologo Direttore Scientifico\" \/>\n<meta property=\"og:description\" content=\"Gianfranco Adornato Archeologo. Adornato \u00e8 Direttore Scientifico del progetto, con esperienza internazionale presso Musei italiani ed europei\" \/>\n<meta property=\"og:url\" content=\"https:\/\/www.oltreplinio.it\/it\/gianfranco-adornato\/\" \/>\n<meta property=\"og:site_name\" content=\"Oltre Plinio\" \/>\n<meta property=\"article:modified_time\" content=\"2025-02-05T14:01:10+00:00\" \/>\n<meta property=\"og:image\" content=\"https:\/\/www.oltreplinio.it\/app\/uploads\/2015\/12\/cropped-logo-contracted-e1494534743360.png\" \/>\n<meta name=\"twitter:card\" content=\"summary_large_image\" \/>\n<meta name=\"twitter:label1\" content=\"Est. reading time\" \/>\n\t<meta name=\"twitter:data1\" content=\"8 minutes\" \/>\n<script type=\"application\/ld+json\" class=\"yoast-schema-graph\">{\"@context\":\"https:\/\/schema.org\",\"@graph\":[{\"@type\":\"WebPage\",\"@id\":\"https:\/\/www.oltreplinio.it\/it\/gianfranco-adornato\/\",\"url\":\"https:\/\/www.oltreplinio.it\/it\/gianfranco-adornato\/\",\"name\":\"Gianfranco Adornato Archeologo Direttore Scientifico\",\"isPartOf\":{\"@id\":\"http:\/\/www.oltreplinio.it\/#website\"},\"datePublished\":\"2016-01-04T09:12:00+00:00\",\"dateModified\":\"2025-02-05T14:01:10+00:00\",\"description\":\"Gianfranco Adornato Archeologo. Adornato \u00e8 Direttore Scientifico del progetto, con esperienza internazionale presso Musei italiani ed europei\",\"breadcrumb\":{\"@id\":\"https:\/\/www.oltreplinio.it\/it\/gianfranco-adornato\/#breadcrumb\"},\"inLanguage\":\"it-IT\",\"potentialAction\":[{\"@type\":\"ReadAction\",\"target\":[\"https:\/\/www.oltreplinio.it\/it\/gianfranco-adornato\/\"]}]},{\"@type\":\"BreadcrumbList\",\"@id\":\"https:\/\/www.oltreplinio.it\/it\/gianfranco-adornato\/#breadcrumb\",\"itemListElement\":[{\"@type\":\"ListItem\",\"position\":1,\"name\":\"Home\",\"item\":\"https:\/\/www.oltreplinio.it\/it\/\"},{\"@type\":\"ListItem\",\"position\":2,\"name\":\"Gianfranco Adornato\"}]},{\"@type\":\"WebSite\",\"@id\":\"http:\/\/www.oltreplinio.it\/#website\",\"url\":\"http:\/\/www.oltreplinio.it\/\",\"name\":\"Oltre Plinio\",\"description\":\"\",\"publisher\":{\"@id\":\"http:\/\/www.oltreplinio.it\/#organization\"},\"potentialAction\":[{\"@type\":\"SearchAction\",\"target\":{\"@type\":\"EntryPoint\",\"urlTemplate\":\"http:\/\/www.oltreplinio.it\/?s={search_term_string}\"},\"query-input\":\"required name=search_term_string\"}],\"inLanguage\":\"it-IT\"},{\"@type\":\"Organization\",\"@id\":\"http:\/\/www.oltreplinio.it\/#organization\",\"name\":\"oltreplinio\",\"url\":\"http:\/\/www.oltreplinio.it\/\",\"logo\":{\"@type\":\"ImageObject\",\"inLanguage\":\"it-IT\",\"@id\":\"http:\/\/www.oltreplinio.it\/#\/schema\/logo\/image\/\",\"url\":\"https:\/\/www.oltreplinio.it\/app\/uploads\/2015\/12\/logo-contracted.png\",\"contentUrl\":\"https:\/\/www.oltreplinio.it\/app\/uploads\/2015\/12\/logo-contracted.png\",\"width\":201,\"height\":201,\"caption\":\"oltreplinio\"},\"image\":{\"@id\":\"http:\/\/www.oltreplinio.it\/#\/schema\/logo\/image\/\"}}]}<\/script>\n<!-- \/ Yoast SEO plugin. -->","yoast_head_json":{"title":"Gianfranco Adornato Archeologo Direttore Scientifico","description":"Gianfranco Adornato Archeologo. Adornato \u00e8 Direttore Scientifico del progetto, con esperienza internazionale presso Musei italiani ed europei","robots":{"index":"index","follow":"follow","max-snippet":"max-snippet:-1","max-image-preview":"max-image-preview:large","max-video-preview":"max-video-preview:-1"},"canonical":"https:\/\/www.oltreplinio.it\/it\/gianfranco-adornato\/","og_locale":"it_IT","og_type":"article","og_title":"Gianfranco Adornato Archeologo Direttore Scientifico","og_description":"Gianfranco Adornato Archeologo. Adornato \u00e8 Direttore Scientifico del progetto, con esperienza internazionale presso Musei italiani ed europei","og_url":"https:\/\/www.oltreplinio.it\/it\/gianfranco-adornato\/","og_site_name":"Oltre Plinio","article_modified_time":"2025-02-05T14:01:10+00:00","og_image":[{"url":"https:\/\/www.oltreplinio.it\/app\/uploads\/2015\/12\/cropped-logo-contracted-e1494534743360.png"}],"twitter_card":"summary_large_image","twitter_misc":{"Est. reading time":"8 minutes"},"schema":{"@context":"https:\/\/schema.org","@graph":[{"@type":"WebPage","@id":"https:\/\/www.oltreplinio.it\/it\/gianfranco-adornato\/","url":"https:\/\/www.oltreplinio.it\/it\/gianfranco-adornato\/","name":"Gianfranco Adornato Archeologo Direttore Scientifico","isPartOf":{"@id":"http:\/\/www.oltreplinio.it\/#website"},"datePublished":"2016-01-04T09:12:00+00:00","dateModified":"2025-02-05T14:01:10+00:00","description":"Gianfranco Adornato Archeologo. Adornato \u00e8 Direttore Scientifico del progetto, con esperienza internazionale presso Musei italiani ed europei","breadcrumb":{"@id":"https:\/\/www.oltreplinio.it\/it\/gianfranco-adornato\/#breadcrumb"},"inLanguage":"it-IT","potentialAction":[{"@type":"ReadAction","target":["https:\/\/www.oltreplinio.it\/it\/gianfranco-adornato\/"]}]},{"@type":"BreadcrumbList","@id":"https:\/\/www.oltreplinio.it\/it\/gianfranco-adornato\/#breadcrumb","itemListElement":[{"@type":"ListItem","position":1,"name":"Home","item":"https:\/\/www.oltreplinio.it\/it\/"},{"@type":"ListItem","position":2,"name":"Gianfranco Adornato"}]},{"@type":"WebSite","@id":"http:\/\/www.oltreplinio.it\/#website","url":"http:\/\/www.oltreplinio.it\/","name":"Oltre Plinio","description":"","publisher":{"@id":"http:\/\/www.oltreplinio.it\/#organization"},"potentialAction":[{"@type":"SearchAction","target":{"@type":"EntryPoint","urlTemplate":"http:\/\/www.oltreplinio.it\/?s={search_term_string}"},"query-input":"required name=search_term_string"}],"inLanguage":"it-IT"},{"@type":"Organization","@id":"http:\/\/www.oltreplinio.it\/#organization","name":"oltreplinio","url":"http:\/\/www.oltreplinio.it\/","logo":{"@type":"ImageObject","inLanguage":"it-IT","@id":"http:\/\/www.oltreplinio.it\/#\/schema\/logo\/image\/","url":"https:\/\/www.oltreplinio.it\/app\/uploads\/2015\/12\/logo-contracted.png","contentUrl":"https:\/\/www.oltreplinio.it\/app\/uploads\/2015\/12\/logo-contracted.png","width":201,"height":201,"caption":"oltreplinio"},"image":{"@id":"http:\/\/www.oltreplinio.it\/#\/schema\/logo\/image\/"}}]}},"_links":{"self":[{"href":"https:\/\/www.oltreplinio.it\/it\/wp-json\/wp\/v2\/pages\/422"}],"collection":[{"href":"https:\/\/www.oltreplinio.it\/it\/wp-json\/wp\/v2\/pages"}],"about":[{"href":"https:\/\/www.oltreplinio.it\/it\/wp-json\/wp\/v2\/types\/page"}],"author":[{"embeddable":true,"href":"https:\/\/www.oltreplinio.it\/it\/wp-json\/wp\/v2\/users\/3"}],"replies":[{"embeddable":true,"href":"https:\/\/www.oltreplinio.it\/it\/wp-json\/wp\/v2\/comments?post=422"}],"version-history":[{"count":12,"href":"https:\/\/www.oltreplinio.it\/it\/wp-json\/wp\/v2\/pages\/422\/revisions"}],"predecessor-version":[{"id":7127,"href":"https:\/\/www.oltreplinio.it\/it\/wp-json\/wp\/v2\/pages\/422\/revisions\/7127"}],"wp:attachment":[{"href":"https:\/\/www.oltreplinio.it\/it\/wp-json\/wp\/v2\/media?parent=422"}],"curies":[{"name":"wp","href":"https:\/\/api.w.org\/{rel}","templated":true}]}}