{"id":487,"date":"2016-01-04T14:37:39","date_gmt":"2016-01-04T14:37:39","guid":{"rendered":"https:\/\/www.oltreplinio.it\/it\/?page_id=487"},"modified":"2025-02-04T11:06:41","modified_gmt":"2025-02-04T11:06:41","slug":"eva-falaschi-coordinatore-scientifico","status":"publish","type":"page","link":"https:\/\/www.oltreplinio.it\/it\/eva-falaschi-coordinatore-scientifico\/","title":{"rendered":"Eva Falaschi"},"content":{"rendered":"<p>[et_pb_section fb_built=&#8221;1&#8243; admin_label=&#8221;section&#8221; _builder_version=&#8221;4.16&#8243; global_colors_info=&#8221;{}&#8221;][et_pb_row column_structure=&#8221;3_4,1_4&#8243; admin_label=&#8221;row&#8221; _builder_version=&#8221;4.16&#8243; background_size=&#8221;initial&#8221; background_position=&#8221;top_left&#8221; background_repeat=&#8221;repeat&#8221; global_colors_info=&#8221;{}&#8221;][et_pb_column type=&#8221;3_4&#8243; _builder_version=&#8221;4.16&#8243; custom_padding=&#8221;|||&#8221; global_colors_info=&#8221;{}&#8221; custom_padding__hover=&#8221;|||&#8221;][et_pb_team_member name=&#8221;Eva Falaschi&#8221; position=&#8221;Coordinatore Scientifico&#8221; image_url=&#8221;https:\/\/www.oltreplinio.it\/app\/uploads\/2021\/03\/IMG-20201126-WA0008.jpg&#8221; _builder_version=&#8221;4.16&#8243; background_size=&#8221;initial&#8221; background_position=&#8221;top_left&#8221; background_repeat=&#8221;repeat&#8221; border_style=&#8221;solid&#8221; global_colors_info=&#8221;{}&#8221;]Sono Global Encounters fellow alla Eberhard-Karls-Universit\u00e4t T\u00fcbingen e coordinatore scientifico del progetto <em>OltrePlinio<\/em>, per il quale sono stata assegnista di ricerca dal 2014 al 2020<em>.<\/em>\u00a0Sono stata inoltre<em>\u00a0<\/em>fellow al\u00a0<em>Center for Hellenic Studies <\/em>(Harvard University), Loeb fellow al\u00a0<em>Zentralinstitut f\u00fcr Kunstgeschichte<\/em>\u00a0(M\u00fcnchen) e scholar al\u00a0<em>Getty Research Institute<\/em>\u00a0(Los Angeles)<em>.<\/em>\u00a0Ho collaborato alla didattica del corso di <em>Archeologia e Storia dell\u2019arte greca e romana<\/em> presso la Scuola Normale Superiore e ho tenuto un reading group sulla letteratura latina alla Eberhard-Karls-Universit\u00e4t T\u00fcbingen.<\/p>\n<p>Mi sono laureata in lettere classiche presso l\u2019Universit\u00e0 di Pisa e ho conseguito il diploma e il dottorato in discipline storico-artistiche (archeologia e storia dell\u2019arte) alla Scuola Normale Superiore di Pisa. Ho svolto periodi di ricerca alla <em>Ludwig-Maximilians Universit\u00e4t<\/em>, M\u00fcnchen e alla <em>University of Oxford<\/em>. Inoltre, ho partecipato a scavi presso l\u2019Agor\u00e0 di Segesta e a ricognizioni archeologiche nel territorio di Locri Epizefiri.<br \/>\nGrazie alla mia formazione filologica e storico-artistica, mi sono specializzata nello studio delle fonti letterarie greche e latine relative all\u2019arte, del linguaggio tecnico delle arti (greco e latino), dei trattati d&#8217;arte, delle biografie d&#8217;artista e della ricezione dell&#8217;arte greca nel mondo romano. Ho lavorato ampiamente su Plutarco, Plinio il Vecchio, Luciano di Samosata, Pausania e Dione Crisostomo. Mi occupo, inoltre, di fortuna dell&#8217;antico nell&#8217;era moderna, soprattutto in relazione all&#8217;arte e alla natura. Sto lavorando a un&#8217;edizione della <em>Roma Triumphans<\/em> di Flavio Biondo e porto avanti un progetto sull&#8217;influenza di Plinio nella descrizione della natura delle Americhe. Infine, nel campo delle Digital Humanities ho contribuito allo sviluppo del sito <em>OltrePlinio<\/em> e di strumenti informatici per lo studio della <em>Naturalis Historia<\/em> di Plinio in Vecchio.<\/p>\n<p>Ho inoltre organizzato convegni internazionali, in collaborazione anche con KU Leuven, con la Universidad de M\u00e1laga e con l&#8217;Accademia di Brera, e ho tenuto conferenze in Italia, Europa, Nord e Sud America, e Sudafrica.<br \/>\n[\/et_pb_team_member][et_pb_toggle title=&#8221;Pubblicazioni \/ Publications&#8221; admin_label=&#8221;Pubblicazioni&#8221; _builder_version=&#8221;4.16&#8243; background_size=&#8221;initial&#8221; background_position=&#8221;top_left&#8221; background_repeat=&#8221;repeat&#8221; border_style=&#8221;solid&#8221; global_colors_info=&#8221;{}&#8221;]<\/p>\n<ul>\n<li><em>La<\/em> Palma dell\u2019Eurimedonte <em>nelle fonti imperiali. Questioni filologiche e storico-artistiche di un monumento delfico<\/em>, ASNP 5 ser., 14.2 (2022), 561-604.<\/li>\n<li>Pliniography: <em>A Digital Bibliography of Pliny the Elder<\/em>, Classico Contemporaneo 8 (2022), session: Ricerca e sperimentazione didattica, 1-11.\u00a0Open access: <a href=\"https:\/\/www.classicocontemporaneo.eu\/index.php\/220-numero-8\/ricerca-e-sperimentazione-didattica-8\/580-pliniography-a-digital-bibliography-of-pliny-the-elder\">https:\/\/www.classicocontemporaneo.eu\/index.php\/220-numero-8\/ricerca-e-sperimentazione-didattica-8\/580-pliniography-a-digital-bibliography-of-pliny-the-elder<\/a>.<\/li>\n<li><em>A Column of Hiero I at Delphi? Some Considerations on Plutarch, <\/em>De Pyth. or. <em>397e<\/em>, Hermes 150.4 (2022), 425-442.<\/li>\n<li><em>Pliny the Elder and the portraits of ancient authors. The philosophical and literary value of images. <\/em>In U. Tischer, U. G\u00e4rtner, A. Forst (eds.), <em>Ut Pictura Poeta. <\/em><em>Author Images and the Reading of Ancient Literature \/ Autorbilder und die Lekt\u00fcre antiker Literatur <\/em>(Giornale Italiano di Filologia \u2013 Bibliotheca 29), 51-78. Turnhout: Brepols Publishers 2022.<\/li>\n<li>G. Adornato, E. Falaschi, <em>Sfinire l\u2019arte, l\u2019arte sfinita. Il progetto OltrePlinio per lo studio del lessico artistico greco e latino. <\/em>In M. Collareta, M. Ferretti, S. Maffei, C.M. Sicca (a cura di), <em>Le voci del marmo. Materiali per un lessico tecnico della scultura in marmo<\/em>, 89-108. Pisa: Edizioni della Normale, 2022 [in particular, this section is by E. Falaschi: ch. 3. <em>Sfinire l\u2019arte, non solo un difetto di Callimaco. Dionisio di Colofone nel giudizio di Plutarco<\/em>].<\/li>\n<li><em>Competing (in) Art. Rivalry Among Greek Artists and Its Reception in the Imperial Age<\/em>. In P. d\u2019Hoine, Roskam, S. Schorn, J. Verheyden(eds.), <em>Polemics and Networking in Greco-Roman Antiquity <\/em>(LECTIO. Studies in the Transmission of Texts &amp; Ideas 12), 291-315. Turnhout: Brepols Publishers 2021. DOI: 10.1484\/M.LECTIO-EB.5.126926.<\/li>\n<li><em>PSI 152: Argomentazioni sull\u2019affidabilit\u00e0 delle <\/em>technai. In <em>Corpus dei papiri filosofici greci e latini (CPF). <\/em><em>Testi e lessico nei papiri di cultura greca e latina. <\/em>\u00a0Parte II.1**: <em>Frammenti adespoti<\/em>, 194-201. Firenze: Olschki Editore, 2021.<\/li>\n<li><em>Imaging Menander from the Byzantine Age to the 20th century<\/em>. Archeologia Classica 72, n.s. II, 11 (2021), 515-545.<\/li>\n<li><em>Biografie, trattati e letteratura artistica: problemi di genere e di frammenti. Per una edizione della <\/em>Kunstgeschichte<em> (<\/em>FGrHist<em> IV)<\/em>, ASNP 5 ser., 13.1 (2021), 63-89.<\/li>\n<li><em>\u03c0\u03b5\u03c1\u03b9\u03b7\u03b3\u03b7\u03c4\u03b1\u03af<\/em><em> nel mondo antico. Usi e interpretazioni del termine in una prospettiva cronologica <\/em>(Studi e Ricerche)<em>.<\/em> Milano: LED, 2021<em>.<\/em> ISBN: 978-88-7916-974-5. ISSN: 1721-3096.<\/li>\n<li>G. Adornato, E. Falaschi, <em>Storia e aneddoti:<\/em> <em>Plinio e il bronzo. <\/em>In F. Morandini, A. Patera (eds.), <em>Il restauro dei grandi bronzi archeologici. Laboratorio aperto per la <\/em>Vittoria Alata<em> di Brescia<\/em>, 81-88<em>.<\/em> Firenze: edifir, 2020.<\/li>\n<li><em>Il mito dipinto. Interpretazioni della figura di Ocno in Plutarco<\/em>. In J.A. Cl\u00faa Serena (ed.),<em> Mythologica\u00a0Plutarchea: estudios sobre los mitos en Plutarco. XIII Simposio Internacional de la Sociedad Espa\u00f1ola de Plutarquistas (Universidad de Lleida 4-5-6 de octubre de 2018)<\/em>, 147-158. Madrid: Ediciones\u00a0Cl\u00e1sicas, 2020.<\/li>\n<li><span class=\"fontstyle0\"><em>Collecting and Owning Sikyonian Paintings.\u00a0Aratus of Sikyon and his Interest for Art in Plutarch\u2019s Perspective.<\/em>\u00a0In G. Adornato, G. Cirucci, W. Cupperi (eds.),\u00a0<em>Beyond \u201cArt Collections\u201d. Owning and Accumulating Objects from Greek Antiquity to the Early Modern Period,<\/em> 77-94<em>. <\/em>Berlin: De Gruyter, 2020.<\/span><\/li>\n<li><em>A est\u00e1tua de Atenas na <\/em>Palmeira de Eurymedon<em> em Delfos. Arte, hist\u00f3ria e recep\u00e7\u00e3o de uma famosa oferta votiva<\/em>. In C. Beltr\u00e3o, F. Santangelo (eds.), <em>Est\u00e1tuas na religi\u00e3o romana \/ <\/em><em>Statues in Roman religion <\/em>(Humanitas Supplementum 64)<em>, <\/em>117-133<em>. <\/em>Coimbra: Imprensa da Universidade de Coimbra, 2020.<\/li>\n<li><span class=\"fontstyle0\">G. Adornato, E. Falaschi, A. Poggio (a cura di), <\/span><em><span class=\"fontstyle2\">\u03a0\u03b5\u03c1\u1f76 \u03b3\u03c1\u03b1\u03c6\u03b9\u03ba\u1fc6\u03c2. Pittori, tecniche, trattati, contesti tra testimonianze e ricezione<\/span><\/em><span class=\"fontstyle0\">. Milano: LED, 2019.<\/span><\/li>\n<li><em><span class=\"fontstyle2\">Di fronte ai dipinti<\/span><span class=\"fontstyle0\">. <\/span><\/em><span class=\"fontstyle2\"><em>Plutarco sulla pittura tardo-classica ed ellenistica<\/em>. <\/span><span class=\"fontstyle0\">In G. Adornato, E. Falaschi, A. Poggio (a cura di), <\/span><em><span class=\"fontstyle2\">\u03a0\u03b5\u03c1\u1f76 \u03b3\u03c1\u03b1\u03c6\u03b9\u03ba\u1fc6\u03c2. Pittori, tecniche, trattati, contesti tra testimonianze e ricezione<\/span><\/em><span class=\"fontstyle0\">, 197-216. Milano: LED, 2019.\u00a0<\/span><\/li>\n<li><span class=\"fontstyle0\">G. Adornato, E. Falaschi, A. Poggio, <\/span><em><span class=\"fontstyle2\">La pittura greca di IV secolo a.C. tra contesti e ricezioni: riflessioni e prospettive<\/span><\/em><span class=\"fontstyle0\">. In G. Adornato, E. Falaschi, A. Poggio (a cura di), <\/span><em><span class=\"fontstyle2\">\u03a0\u03b5\u03c1\u1f76 \u03b3\u03c1\u03b1\u03c6\u03b9\u03ba\u1fc6\u03c2. Pittori, tecniche, trattati, contesti tra testimonianze e ricezione<\/span><\/em><span class=\"fontstyle0\">, 7-13. Milano: LED, 2019.<\/span><\/li>\n<li><span class=\"fontstyle0\">M. Bonazzi, E. Falaschi, M.S. Funghi, <\/span><span class=\"fontstyle2\"><em>P.Vind. inv. 29800r<\/em>. <\/span><span class=\"fontstyle0\">In\u00a0<\/span><em><span class=\"fontstyle2\">Corpus dei papiri filosofici greci e latini (CPF). Testi e lessico nei papiri di cultura greca e latina. Parte II.1: frammenti adespoti<\/span><\/em><span class=\"fontstyle0\">, 228-255<\/span><span class=\"fontstyle2\">. <\/span><span class=\"fontstyle0\">Firenze: Olschki, 2019 [in particular, this session is by E. Falaschi: <\/span><span class=\"fontstyle2\">Commento ai frr. AI-AII-AIV<\/span><span class=\"fontstyle0\">, 234-249].<\/span><\/li>\n<li><em>More than words. Restaging Protogenes&#8217; Ialysus. The many Lives of an Artwork between Greece and Rome. <\/em>In G. Adornato \u2013 I.B. Romano \u2013 G. Cirucci \u2013 A. Poggio (eds.), <em>Restaging\u00a0Greek Artworks in Roman Times<\/em>, 173-190. Milano: LED, 2018.<\/li>\n<li><em>From Athena Nike to Nike Apteros: literary and epigraphical sources.<\/em>\u00a0In G. Adornato \u2013 I.B. Romano \u2013 G. Cirucci \u2013 A. Poggio (eds.), <em>Restaging\u00a0Greek Artworks in Roman Times<\/em>, 75-92. Milano: LED, 2018.<\/li>\n<li>G. Adornato \u2013 E. Falaschi \u2013 A. Poggio \u2013 G. Benotto \u2013 R. Zitarosa, <em>OltrePlinio: progetto interdisciplinare sulla <\/em>Naturalis Historia<em> tra antico e moderno.<\/em>\u00a0In F. Conte (a cura di), <em>Le risorse digitali per la storia dell\u2019arte moderna in Italia. Progetti, ricerca scientifica e territorio<\/em>\u00a0(Biblioteca dell\u2019Arcadia. Studi e testi 6), 123-136. Roma: Edizioni di Storia e Letteratura, 2018 [in particular these section are by E. Falaschi: chs. 2.3. <em>Sezione Bibliografia<\/em>\u00a0and 2.4. <em>Sezione Newsletter<\/em>].<\/li>\n<li><em>Looking at the Bronze of Lost Sculptures. The Reception of the Delphic Monument of the Admirals in the Imperial Age.<\/em>\u00a0In J.M. Daehner, K. Lapatin, A. Spinelli (eds.), <em>Artistry in Bronze. The Greeks and their Legacy.<\/em> <em>XIXth International Congress on Ancient Bronzes<\/em>, 94-97. Los Angeles: Getty Trust Publications, 2017.<\/li>\n<li><em>L\u2019artista alla sbarra: il processo a Fidia. Distorsioni storiche, invenzioni letterarie.<\/em>\u00a0In M. Castiglione \u2013 A. Poggio (a cura di),\u00a0<em>Arte \u2013 Potere. Forme artistiche, istituzioni, paradigmi interpretativi. Atti del convegno di studio tenuto a Pisa<\/em>\u00a0(Scuola Normale Superiore, 25-27 Novembre 2010), 207-225. Milano: LED, 2012.<\/li>\n<li><em>PSI 152: una rilettura.<\/em>\u00a0In M.S. Funghi (a cura di),<em>\u00a0Studi e testi per il corpus dei papiri filosofici greci e latini XVI: Papiri filosofici. Miscellanea di studi VI<\/em>, 163-182. Firenze: Olschki, 2011.<\/li>\n<li><em>L\u2019invito alla danza: dubbi su una ricostruzione.<\/em>\u00a0In F. De Angelis (a cura di), <em>Lo sguardo archeologico. I normalisti per Paul Zanker<\/em>, 35-47. Pisa: Edizioni della Normale, 2007.<\/li>\n<\/ul>\n<p>[\/et_pb_toggle][\/et_pb_column][et_pb_column type=&#8221;1_4&#8243; _builder_version=&#8221;4.16&#8243; custom_padding=&#8221;|||&#8221; global_colors_info=&#8221;{}&#8221; custom_padding__hover=&#8221;|||&#8221;][et_pb_blurb title=&#8221;Download Cv&#8221; url=&#8221;https:\/\/www.oltreplinio.it\/app\/uploads\/2023\/04\/Falaschi_CV_ENG_20_04_2023.pdf&#8221; use_icon=&#8221;on&#8221; font_icon=&#8221;&#xe059;||divi||400&#8243; icon_color=&#8221;#ffffff&#8221; image_icon_background_color=&#8221;#2d4c7f&#8221; icon_placement=&#8221;left&#8221; image_icon_width=&#8221;16px&#8221; _builder_version=&#8221;4.16&#8243; background_size=&#8221;initial&#8221; background_position=&#8221;top_left&#8221; background_repeat=&#8221;repeat&#8221; image_icon_custom_padding=&#8221;8px|8px|8px|8px|false|false&#8221; border_radii_image=&#8221;on|100%|100%|100%|100%&#8221; border_style=&#8221;solid&#8221; image_max_width=&#8221;none&#8221; use_circle=&#8221;on&#8221; use_circle_border=&#8221;off&#8221; global_colors_info=&#8221;{}&#8221; image_icon_background_color__sticky_enabled=&#8221;#2d4c7f&#8221; image_icon_background_color__sticky=&#8221;#2d4c7f&#8221;]&nbsp;<\/p>\n<p><strong>Contatti:<\/strong><\/p>\n<p>Eberhard Karls Universit\u00e4t T\u00fcbingen<\/p>\n<p>Philologisches Seminar<\/p>\n<p>Wilhelmstrasse 36<\/p>\n<p>72074\u00a0T\u00fcbingen (Germany)<\/p>\n<p><strong>e-mail:<\/strong> eva.falaschi@gmail.com<\/p>\n<p>eva.falaschi@philosophie.uni-tuebingen.de<br \/>\n[\/et_pb_blurb][\/et_pb_column][\/et_pb_row][\/et_pb_section]<\/p>\n","protected":false},"excerpt":{"rendered":"<p>Sono Global Encounters fellow alla Eberhard-Karls-Universit\u00e4t T\u00fcbingen e coordinatore scientifico del progetto OltrePlinio, per il quale sono stata assegnista di ricerca dal 2014 al 2020.\u00a0Sono stata inoltre\u00a0fellow al\u00a0Center for Hellenic Studies (Harvard University), Loeb fellow al\u00a0Zentralinstitut f\u00fcr Kunstgeschichte\u00a0(M\u00fcnchen) e scholar al\u00a0Getty Research Institute\u00a0(Los Angeles).\u00a0Ho collaborato alla didattica del corso di Archeologia e Storia dell\u2019arte greca [&hellip;]<\/p>\n","protected":false},"author":3,"featured_media":0,"parent":0,"menu_order":0,"comment_status":"closed","ping_status":"closed","template":"","meta":{"_et_pb_use_builder":"on","_et_pb_old_content":"","_et_gb_content_width":""},"yoast_head":"<!-- This site is optimized with the Yoast SEO plugin v20.13 - https:\/\/yoast.com\/wordpress\/plugins\/seo\/ -->\n<title>Eva Falaschi Coordinatore scientifico<\/title>\n<meta name=\"description\" content=\"Eva Falaschi Coordinatore scientifico arte archeologia classica, studi filologici e Digital Humanities, Plinio il Vecchio, Plutarco\" \/>\n<meta name=\"robots\" content=\"index, follow, max-snippet:-1, max-image-preview:large, max-video-preview:-1\" \/>\n<link rel=\"canonical\" href=\"https:\/\/www.oltreplinio.it\/it\/eva-falaschi-coordinatore-scientifico\/\" \/>\n<meta property=\"og:locale\" content=\"it_IT\" \/>\n<meta property=\"og:type\" content=\"article\" \/>\n<meta property=\"og:title\" content=\"Eva Falaschi Coordinatore scientifico\" \/>\n<meta property=\"og:description\" content=\"Eva Falaschi Coordinatore scientifico arte archeologia classica, studi filologici e Digital Humanities, Plinio il Vecchio, Plutarco\" \/>\n<meta property=\"og:url\" content=\"https:\/\/www.oltreplinio.it\/it\/eva-falaschi-coordinatore-scientifico\/\" \/>\n<meta property=\"og:site_name\" content=\"Oltre Plinio\" \/>\n<meta property=\"article:modified_time\" content=\"2025-02-04T11:06:41+00:00\" \/>\n<meta property=\"og:image\" content=\"https:\/\/www.oltreplinio.it\/app\/uploads\/2015\/12\/cropped-logo-contracted-e1494534743360.png\" \/>\n<meta name=\"twitter:card\" content=\"summary_large_image\" \/>\n<meta name=\"twitter:label1\" content=\"Est. reading time\" \/>\n\t<meta name=\"twitter:data1\" content=\"6 minutes\" \/>\n<script type=\"application\/ld+json\" class=\"yoast-schema-graph\">{\"@context\":\"https:\/\/schema.org\",\"@graph\":[{\"@type\":\"WebPage\",\"@id\":\"https:\/\/www.oltreplinio.it\/it\/eva-falaschi-coordinatore-scientifico\/\",\"url\":\"https:\/\/www.oltreplinio.it\/it\/eva-falaschi-coordinatore-scientifico\/\",\"name\":\"Eva Falaschi Coordinatore scientifico\",\"isPartOf\":{\"@id\":\"http:\/\/www.oltreplinio.it\/#website\"},\"datePublished\":\"2016-01-04T14:37:39+00:00\",\"dateModified\":\"2025-02-04T11:06:41+00:00\",\"description\":\"Eva Falaschi Coordinatore scientifico arte archeologia classica, studi filologici e Digital Humanities, Plinio il Vecchio, Plutarco\",\"breadcrumb\":{\"@id\":\"https:\/\/www.oltreplinio.it\/it\/eva-falaschi-coordinatore-scientifico\/#breadcrumb\"},\"inLanguage\":\"it-IT\",\"potentialAction\":[{\"@type\":\"ReadAction\",\"target\":[\"https:\/\/www.oltreplinio.it\/it\/eva-falaschi-coordinatore-scientifico\/\"]}]},{\"@type\":\"BreadcrumbList\",\"@id\":\"https:\/\/www.oltreplinio.it\/it\/eva-falaschi-coordinatore-scientifico\/#breadcrumb\",\"itemListElement\":[{\"@type\":\"ListItem\",\"position\":1,\"name\":\"Home\",\"item\":\"https:\/\/www.oltreplinio.it\/it\/\"},{\"@type\":\"ListItem\",\"position\":2,\"name\":\"Eva Falaschi\"}]},{\"@type\":\"WebSite\",\"@id\":\"http:\/\/www.oltreplinio.it\/#website\",\"url\":\"http:\/\/www.oltreplinio.it\/\",\"name\":\"Oltre Plinio\",\"description\":\"\",\"publisher\":{\"@id\":\"http:\/\/www.oltreplinio.it\/#organization\"},\"potentialAction\":[{\"@type\":\"SearchAction\",\"target\":{\"@type\":\"EntryPoint\",\"urlTemplate\":\"http:\/\/www.oltreplinio.it\/?s={search_term_string}\"},\"query-input\":\"required name=search_term_string\"}],\"inLanguage\":\"it-IT\"},{\"@type\":\"Organization\",\"@id\":\"http:\/\/www.oltreplinio.it\/#organization\",\"name\":\"oltreplinio\",\"url\":\"http:\/\/www.oltreplinio.it\/\",\"logo\":{\"@type\":\"ImageObject\",\"inLanguage\":\"it-IT\",\"@id\":\"http:\/\/www.oltreplinio.it\/#\/schema\/logo\/image\/\",\"url\":\"https:\/\/www.oltreplinio.it\/app\/uploads\/2015\/12\/logo-contracted.png\",\"contentUrl\":\"https:\/\/www.oltreplinio.it\/app\/uploads\/2015\/12\/logo-contracted.png\",\"width\":201,\"height\":201,\"caption\":\"oltreplinio\"},\"image\":{\"@id\":\"http:\/\/www.oltreplinio.it\/#\/schema\/logo\/image\/\"}}]}<\/script>\n<!-- \/ Yoast SEO plugin. -->","yoast_head_json":{"title":"Eva Falaschi Coordinatore scientifico","description":"Eva Falaschi Coordinatore scientifico arte archeologia classica, studi filologici e Digital Humanities, Plinio il Vecchio, Plutarco","robots":{"index":"index","follow":"follow","max-snippet":"max-snippet:-1","max-image-preview":"max-image-preview:large","max-video-preview":"max-video-preview:-1"},"canonical":"https:\/\/www.oltreplinio.it\/it\/eva-falaschi-coordinatore-scientifico\/","og_locale":"it_IT","og_type":"article","og_title":"Eva Falaschi Coordinatore scientifico","og_description":"Eva Falaschi Coordinatore scientifico arte archeologia classica, studi filologici e Digital Humanities, Plinio il Vecchio, Plutarco","og_url":"https:\/\/www.oltreplinio.it\/it\/eva-falaschi-coordinatore-scientifico\/","og_site_name":"Oltre Plinio","article_modified_time":"2025-02-04T11:06:41+00:00","og_image":[{"url":"https:\/\/www.oltreplinio.it\/app\/uploads\/2015\/12\/cropped-logo-contracted-e1494534743360.png"}],"twitter_card":"summary_large_image","twitter_misc":{"Est. reading time":"6 minutes"},"schema":{"@context":"https:\/\/schema.org","@graph":[{"@type":"WebPage","@id":"https:\/\/www.oltreplinio.it\/it\/eva-falaschi-coordinatore-scientifico\/","url":"https:\/\/www.oltreplinio.it\/it\/eva-falaschi-coordinatore-scientifico\/","name":"Eva Falaschi Coordinatore scientifico","isPartOf":{"@id":"http:\/\/www.oltreplinio.it\/#website"},"datePublished":"2016-01-04T14:37:39+00:00","dateModified":"2025-02-04T11:06:41+00:00","description":"Eva Falaschi Coordinatore scientifico arte archeologia classica, studi filologici e Digital Humanities, Plinio il Vecchio, Plutarco","breadcrumb":{"@id":"https:\/\/www.oltreplinio.it\/it\/eva-falaschi-coordinatore-scientifico\/#breadcrumb"},"inLanguage":"it-IT","potentialAction":[{"@type":"ReadAction","target":["https:\/\/www.oltreplinio.it\/it\/eva-falaschi-coordinatore-scientifico\/"]}]},{"@type":"BreadcrumbList","@id":"https:\/\/www.oltreplinio.it\/it\/eva-falaschi-coordinatore-scientifico\/#breadcrumb","itemListElement":[{"@type":"ListItem","position":1,"name":"Home","item":"https:\/\/www.oltreplinio.it\/it\/"},{"@type":"ListItem","position":2,"name":"Eva Falaschi"}]},{"@type":"WebSite","@id":"http:\/\/www.oltreplinio.it\/#website","url":"http:\/\/www.oltreplinio.it\/","name":"Oltre Plinio","description":"","publisher":{"@id":"http:\/\/www.oltreplinio.it\/#organization"},"potentialAction":[{"@type":"SearchAction","target":{"@type":"EntryPoint","urlTemplate":"http:\/\/www.oltreplinio.it\/?s={search_term_string}"},"query-input":"required name=search_term_string"}],"inLanguage":"it-IT"},{"@type":"Organization","@id":"http:\/\/www.oltreplinio.it\/#organization","name":"oltreplinio","url":"http:\/\/www.oltreplinio.it\/","logo":{"@type":"ImageObject","inLanguage":"it-IT","@id":"http:\/\/www.oltreplinio.it\/#\/schema\/logo\/image\/","url":"https:\/\/www.oltreplinio.it\/app\/uploads\/2015\/12\/logo-contracted.png","contentUrl":"https:\/\/www.oltreplinio.it\/app\/uploads\/2015\/12\/logo-contracted.png","width":201,"height":201,"caption":"oltreplinio"},"image":{"@id":"http:\/\/www.oltreplinio.it\/#\/schema\/logo\/image\/"}}]}},"_links":{"self":[{"href":"https:\/\/www.oltreplinio.it\/it\/wp-json\/wp\/v2\/pages\/487"}],"collection":[{"href":"https:\/\/www.oltreplinio.it\/it\/wp-json\/wp\/v2\/pages"}],"about":[{"href":"https:\/\/www.oltreplinio.it\/it\/wp-json\/wp\/v2\/types\/page"}],"author":[{"embeddable":true,"href":"https:\/\/www.oltreplinio.it\/it\/wp-json\/wp\/v2\/users\/3"}],"replies":[{"embeddable":true,"href":"https:\/\/www.oltreplinio.it\/it\/wp-json\/wp\/v2\/comments?post=487"}],"version-history":[{"count":49,"href":"https:\/\/www.oltreplinio.it\/it\/wp-json\/wp\/v2\/pages\/487\/revisions"}],"predecessor-version":[{"id":7131,"href":"https:\/\/www.oltreplinio.it\/it\/wp-json\/wp\/v2\/pages\/487\/revisions\/7131"}],"wp:attachment":[{"href":"https:\/\/www.oltreplinio.it\/it\/wp-json\/wp\/v2\/media?parent=487"}],"curies":[{"name":"wp","href":"https:\/\/api.w.org\/{rel}","templated":true}]}}